{"id":4135,"date":"2025-11-12T06:47:20","date_gmt":"2025-11-12T05:47:20","guid":{"rendered":"https:\/\/icga.org\/?page_id=4135"},"modified":"2025-11-12T10:13:43","modified_gmt":"2025-11-12T09:13:43","slug":"computer-olympiad-2025","status":"publish","type":"page","link":"https:\/\/icga.org\/?page_id=4135","title":{"rendered":"Computer Olympiad 2025"},"content":{"rendered":"\n<p>The 2025 Computer Olympiad will be held online. You must register by December 1, and play will commence on December 8. As in past online Olympiads, competitors for a game will agree on a playing venue (many games have a standard online platform; sometimes play is done manually over the Internet). You may consider, for example,&nbsp;<a href=\"https:\/\/ludii.games\/\" target=\"_blank\" rel=\"noreferrer noopener\">Ludii<\/a>&nbsp;or&nbsp;<a href=\"https:\/\/github.com\/CohenSolalQuentin\/Discord_Computer_Olympiad_Interface\/tree\/main\" target=\"_blank\" rel=\"noreferrer noopener\">Discord Computer Olympiad Interface<\/a>.<\/p>\n\n\n\n<p><strong>Games<\/strong><\/p>\n\n\n\n<p>Recent Olympiads have had competitions for following games: Amazons, Arimaa, Ataxx, Brazilian Draughts, Breakthrough, Canadian Draughts, Chinese Checkers, Chinese Chess, Chinese Dark Chess, Clobber, Connect6, Dice Shogi, Dots and Boxes, EinStein W\u00fcrfelt Nicht, Go (9\u00d79), Havannah (8\u00d78), Havannah (10\u00d710), Hex (11\u00d711), Hex (13\u00d713), Hex (19\u00d719), HoneyMoon Bridge, International Draughts, Kyoto Shogi, Lines of Action, Mahjong, Mini Shogi, Nonogram, Othello (8\u00d78), Othello (10\u00d710), Othello (16\u00d716), Outer-Open Gomoku, Santorini, Shobu, Surakarta, Sylver Coinage,&nbsp;Kriegspiel, Quoridor, Backgammon, Azul and Kingdomino (with advances rules: The middle Kingdom, Harmony, and The Mighty Duel).<\/p>\n\n\n\n<p>If your favorite games is not on this list and you know that there are at least two potential entrants, please contact us and we can add a new game to the Olympiad.<\/p>\n\n\n\n<p><strong>Important&nbsp;Dates<\/strong><\/p>\n\n\n\n<ul class=\"wp-block-list\">\n<li>December 1: last day to register for the Olympiad<\/li>\n\n\n\n<li>December 7: registration fees must be paid<\/li>\n\n\n\n<li>December 8-21: competition<\/li>\n<\/ul>\n\n\n\n<p><strong>Awards<\/strong><\/p>\n\n\n\n<p>Each event will award a gold medal, and silver and bronze medals depending on the number of entries. Medal winners will receive a certificate and the right to hold the title &lt;Gold\/Silver\/Bronze&gt; Medal winner at the 2025 ICGA Computer Olympiad.<\/p>\n\n\n\n<p><strong>Registration<\/strong><\/p>\n\n\n\n<p>40 Euro for each program entry. A person is allowed to have an entry in multiple competitions. At least one member from each team must be a&nbsp;<a href=\"https:\/\/icga.org\/?page_id=3093\" target=\"_blank\" rel=\"noreferrer noopener\">member of the ICGA<\/a>.<\/p>\n\n\n\n<p>Register&nbsp;<a href=\"https:\/\/docs.google.com\/forms\/d\/e\/1FAIpQLSdim19L0OvVM0EcdXa3bOHRNTLX2QSvjSwzJKc37qfsFPRK9Q\/viewform?usp=header\" target=\"_blank\" rel=\"noreferrer noopener\">here<\/a>.<\/p>\n\n\n\n<p><strong>Rules<\/strong><\/p>\n\n\n\n<p>The Olympiad rules can be found&nbsp;<a href=\"https:\/\/icga.org\/?page_id=3146\" target=\"_blank\" rel=\"noreferrer noopener\">here<\/a>.<\/p>\n\n\n\n<p><strong>For More Information<\/strong><\/p>\n\n\n\n<ul class=\"wp-block-list\">\n<li>Quentin Cohen-Solal (quentin.cohen-solal@dauphine.psl.eu)<\/li>\n\n\n\n<li>Tristan Cazenave (tristan.cazenave@lamsade.dauphine.fr)<\/li>\n<\/ul>\n","protected":false},"excerpt":{"rendered":"<p>The 2025 Computer Olympiad will be held online. You must register by December 1, and play will commence on December 8. As in past online Olympiads, competitors for a game will agree on a playing venue (many games have a &hellip; <a href=\"https:\/\/icga.org\/?page_id=4135\">Continue reading <span class=\"meta-nav\">&rarr;<\/span><\/a><\/p>\n","protected":false},"author":22,"featured_media":0,"parent":0,"menu_order":0,"comment_status":"closed","ping_status":"closed","template":"","meta":{"footnotes":""},"class_list":["post-4135","page","type-page","status-publish","hentry"],"_links":{"self":[{"href":"https:\/\/icga.org\/index.php?rest_route=\/wp\/v2\/pages\/4135","targetHints":{"allow":["GET"]}}],"collection":[{"href":"https:\/\/icga.org\/index.php?rest_route=\/wp\/v2\/pages"}],"about":[{"href":"https:\/\/icga.org\/index.php?rest_route=\/wp\/v2\/types\/page"}],"author":[{"embeddable":true,"href":"https:\/\/icga.org\/index.php?rest_route=\/wp\/v2\/users\/22"}],"replies":[{"embeddable":true,"href":"https:\/\/icga.org\/index.php?rest_route=%2Fwp%2Fv2%2Fcomments&post=4135"}],"version-history":[{"count":3,"href":"https:\/\/icga.org\/index.php?rest_route=\/wp\/v2\/pages\/4135\/revisions"}],"predecessor-version":[{"id":4139,"href":"https:\/\/icga.org\/index.php?rest_route=\/wp\/v2\/pages\/4135\/revisions\/4139"}],"wp:attachment":[{"href":"https:\/\/icga.org\/index.php?rest_route=%2Fwp%2Fv2%2Fmedia&parent=4135"}],"curies":[{"name":"wp","href":"https:\/\/api.w.org\/{rel}","templated":true}]}}